{"id":243,"date":"2011-10-26T08:32:07","date_gmt":"2011-10-26T06:32:07","guid":{"rendered":"http:\/\/dobresciagi.pl\/blog\/?page_id=243"},"modified":"2014-10-04T14:33:35","modified_gmt":"2014-10-04T13:33:35","slug":"autorzy-c-d","status":"publish","type":"page","link":"http:\/\/dobresciagi.pl\/blog\/?page_id=243","title":{"rendered":"Autorzy C-D"},"content":{"rendered":"<h2><strong>Autorzy lektur C:<\/strong><\/h2>\n<div>\n<ul>\n<li><a href=\"..\/..\/autor\/68\/Camus-Albert\/\">\u015aci\u0105gi Camus Albert<\/a><\/li>\n<\/ul>\n<\/div>\n<div>\n<ul>\n<li><a href=\"..\/..\/autor\/41\/Cervantes-Miguel-de-\/\">\u015aci\u0105gi Cervantes <\/a><a href=\"..\/..\/autor\/41\/Cervantes-Miguel-de-\/\">Miguel<\/a><\/li>\n<\/ul>\n<\/div>\n<div>\n<ul>\n<li><a href=\"..\/..\/autor\/102\/Conrad-Joseph\/\">\u015aci\u0105gi Conrad Joseph<\/a><\/li>\n<\/ul>\n<\/div>\n<div>\n<ul>\n<li><a href=\"..\/..\/autor\/124\/Corneille-Pierre\/\">\u015aci\u0105gi Corneille Pierre<\/a><\/li>\n<\/ul>\n<\/div>\n<div>\n<ul>\n<li><a href=\"..\/..\/autor\/111\/Czechow-Antoni\/\">\u015aci\u0105gi Czechow Antoni<\/a><\/li>\n<\/ul>\n<\/div>\n<div>\n<ul>\n<li><a href=\"..\/..\/autor\/90\/Czechowicz-Jozef\/\">\u015aci\u0105gi Czechowicz J\u00f3zef<\/a><\/li>\n<\/ul>\n<\/div>\n<div>\n<h2><\/h2>\n<h2><strong>Autorzy lektur D:<\/strong><\/h2>\n<div>\n<ul>\n<li><a href=\"..\/..\/autor\/87\/Dabrowska-Maria\/\">\u015aci\u0105gi D\u0105browska Maria<\/a><\/li>\n<\/ul>\n<\/div>\n<div>\n<ul>\n<li><a href=\"..\/..\/autor\/139\/de-Cervantes-Miguel\/\">\u015aci\u0105gi de Cervantes Miguel<\/a><\/li>\n<\/ul>\n<\/div>\n<div>\n<ul>\n<li><a href=\"..\/..\/autor\/141\/de-la-Barca-Pedro-Calderon\/\">\u015aci\u0105gi de la Barca Pedro Calderon<\/a><\/li>\n<\/ul>\n<\/div>\n<div>\n<ul>\n<li><a href=\"..\/..\/autor\/145\/de-La-Fontaine-Jean\/\">\u015aci\u0105gi de La Fontaine Jean<\/a><\/li>\n<\/ul>\n<\/div>\n<div>\n<div>\n<ul>\n<li><a href=\"..\/..\/autor\/140\/de-Vega-Lope\/\">\u015aci\u0105gi de Vega Lope<\/a><\/li>\n<\/ul>\n<\/div>\n<div>\n<ul>\n<li><a href=\"..\/..\/autor\/160\/Dickens-Charles\/\">\u015aci\u0105gi Dickens Charles<\/a><\/li>\n<\/ul>\n<\/div>\n<div>\n<ul>\n<li><a href=\"..\/..\/autor\/138\/Diderot-Denis\/\">\u015aci\u0105gi Diderot Denis<\/a><\/li>\n<\/ul>\n<\/div>\n<div>\n<ul>\n<li><a href=\"..\/..\/autor\/55\/Dolega-Mostowicz-Tadeusz\/\">\u015aci\u0105gi Do\u0142\u0119ga-Mostowicz Tadeusz<\/a><\/li>\n<\/ul>\n<\/div>\n<div>\n<ul>\n<li><a href=\"..\/..\/autor\/98\/Dostojewski-Fiodor\/\">\u015aci\u0105gi Dostojewski Fiodor<\/a><\/li>\n<\/ul>\n<\/div>\n<div>\n<ul>\n<li><a href=\"..\/..\/autor\/170\/D%C3%BCrrenmatt-Friedrich\/\">\u015aci\u0105gi D\u00fcrrenmatt Friedrich<\/a><\/li>\n<\/ul>\n<\/div>\n<\/div>\n<\/div>\n","protected":false},"excerpt":{"rendered":"<p>Autorzy lektur C: \u015aci\u0105gi Camus Albert \u015aci\u0105gi Cervantes Miguel \u015aci\u0105gi Conrad Joseph \u015aci\u0105gi Corneille Pierre \u015aci\u0105gi Czechow Antoni \u015aci\u0105gi Czechowicz J\u00f3zef Autorzy lektur D: \u015aci\u0105gi D\u0105browska Maria \u015aci\u0105gi de Cervantes Miguel \u015aci\u0105gi de la Barca Pedro Calderon \u015aci\u0105gi de La Fontaine Jean \u015aci\u0105gi de Vega Lope \u015aci\u0105gi Dickens Charles \u015aci\u0105gi Diderot Denis \u015aci\u0105gi Do\u0142\u0119ga-Mostowicz Tadeusz [&hellip;]<\/p>\n","protected":false},"author":1,"featured_media":0,"parent":236,"menu_order":1,"comment_status":"closed","ping_status":"closed","template":"","meta":[],"_links":{"self":[{"href":"http:\/\/dobresciagi.pl\/blog\/index.php?rest_route=\/wp\/v2\/pages\/243"}],"collection":[{"href":"http:\/\/dobresciagi.pl\/blog\/index.php?rest_route=\/wp\/v2\/pages"}],"about":[{"href":"http:\/\/dobresciagi.pl\/blog\/index.php?rest_route=\/wp\/v2\/types\/page"}],"author":[{"embeddable":true,"href":"http:\/\/dobresciagi.pl\/blog\/index.php?rest_route=\/wp\/v2\/users\/1"}],"replies":[{"embeddable":true,"href":"http:\/\/dobresciagi.pl\/blog\/index.php?rest_route=%2Fwp%2Fv2%2Fcomments&post=243"}],"version-history":[{"count":0,"href":"http:\/\/dobresciagi.pl\/blog\/index.php?rest_route=\/wp\/v2\/pages\/243\/revisions"}],"up":[{"embeddable":true,"href":"http:\/\/dobresciagi.pl\/blog\/index.php?rest_route=\/wp\/v2\/pages\/236"}],"wp:attachment":[{"href":"http:\/\/dobresciagi.pl\/blog\/index.php?rest_route=%2Fwp%2Fv2%2Fmedia&parent=243"}],"curies":[{"name":"wp","href":"https:\/\/api.w.org\/{rel}","templated":true}]}}