{"id":2,"date":"2010-04-16T11:11:26","date_gmt":"2010-04-16T11:11:26","guid":{"rendered":"http:\/\/wdsignos.home.pl\/blog\/?page_id=2"},"modified":"2014-10-04T14:33:35","modified_gmt":"2014-10-04T13:33:35","slug":"informacje","status":"publish","type":"page","link":"http:\/\/dobresciagi.pl\/blog\/?page_id=2","title":{"rendered":"O Wydawnictwie"},"content":{"rendered":"<p><strong>Wydawnictwo Dobre \u015aci\u0105gi<\/strong> dostarcza materia\u0142y dydaktyczne z zakresu j\u0119zyka polskiego.<br \/>\nMateria\u0142y oferowane przez <strong>Dobre \u015aci\u0105gi<\/strong> obejmuj\u0105 wypracowania, opracowania i streszczenia lektur szkolnych, \u017cyciorysy ich autor\u00f3w, a tak\u017ce omawiaj\u0105 problematyk\u0119 poszczeg\u00f3lnych epok literackich. Potocznie okre\u015blane jako \u015bci\u0105gi, w naszym rozumieniu stanowi\u0105 pomoc przy pisaniu wypracowa\u0144 oraz przygotowania do matury.<\/p>\n<p>Wydawnictwo <strong>Dobre \u015aci\u0105gi<\/strong> k\u0142adzie nacisk aby wypracowania mia\u0142y jak najwy\u017cszy poziom merytoryczny i stylistyczny.<\/p>\n<p>\u201c\u015aci\u0105gi\u201c i wypracowania znajduj\u0105ce si\u0119 w serwisie przygotowywane s\u0105 g\u0142\u00f3wnie przez polonist\u00f3w oraz autor\u00f3w zawodowo zajmuj\u0105cych publikacj\u0105 materia\u0142\u00f3w dydaktycznych.<br \/>\nW serwisie <strong>Dobresciagi.pl<\/strong> nie zamieszczamy wypracowa\u0144 przesy\u0142anych przez u\u017cytkownik\u00f3w.<\/p>\n<p>Obecnie <strong>Wydawnictwo Dobre \u015aci\u0105gi<\/strong> dysponuje baz\u0105 zawieraj\u0105c\u0105 prawie\u00a0dwa tysi\u0105ce\u00a0profesjonalnych\u00a0 wypracowa\u0144 zindeksowanych w czytelnym i intuicyjnym katalogu.<br \/>\nAby znale\u017a\u0107 interesuj\u0105ce wypracowanie czy \u015bci\u0105g\u0119, nie ma potrzeby zag\u0142\u0119biania si\u0119 w wielopoziomowe menu \u2013 najcz\u0119\u015bciej wystarcz\u0105 zaledwie trzy klikni\u0119cia.<\/p>\n<p>Dodatkowo serwis <strong>Dobresciagi.pl<\/strong> wolny jest od reklam, dzi\u0119ki czemu u\u017cytkownicy otrzymuj\u0105 tylko to, czego szukaj\u0105.<\/p>\n<p>Zapraszamy do korzystania z serwisu <strong><a href=\"http:\/\/dobresciagi.pl\">Dobresciagi.pl<\/a><\/strong><br \/>\n<strong>Redakcja<\/strong><\/p>\n","protected":false},"excerpt":{"rendered":"<p>Wydawnictwo Dobre \u015aci\u0105gi dostarcza materia\u0142y dydaktyczne z zakresu j\u0119zyka polskiego. Materia\u0142y oferowane przez Dobre \u015aci\u0105gi obejmuj\u0105 wypracowania, opracowania i streszczenia lektur szkolnych, \u017cyciorysy ich autor\u00f3w, a tak\u017ce omawiaj\u0105 problematyk\u0119 poszczeg\u00f3lnych epok literackich. Potocznie okre\u015blane jako \u015bci\u0105gi, w naszym rozumieniu stanowi\u0105 pomoc przy pisaniu wypracowa\u0144 oraz przygotowania do matury. Wydawnictwo Dobre \u015aci\u0105gi k\u0142adzie nacisk aby wypracowania [&hellip;]<\/p>\n","protected":false},"author":1,"featured_media":0,"parent":0,"menu_order":0,"comment_status":"closed","ping_status":"open","template":"","meta":[],"_links":{"self":[{"href":"http:\/\/dobresciagi.pl\/blog\/index.php?rest_route=\/wp\/v2\/pages\/2"}],"collection":[{"href":"http:\/\/dobresciagi.pl\/blog\/index.php?rest_route=\/wp\/v2\/pages"}],"about":[{"href":"http:\/\/dobresciagi.pl\/blog\/index.php?rest_route=\/wp\/v2\/types\/page"}],"author":[{"embeddable":true,"href":"http:\/\/dobresciagi.pl\/blog\/index.php?rest_route=\/wp\/v2\/users\/1"}],"replies":[{"embeddable":true,"href":"http:\/\/dobresciagi.pl\/blog\/index.php?rest_route=%2Fwp%2Fv2%2Fcomments&post=2"}],"version-history":[{"count":0,"href":"http:\/\/dobresciagi.pl\/blog\/index.php?rest_route=\/wp\/v2\/pages\/2\/revisions"}],"wp:attachment":[{"href":"http:\/\/dobresciagi.pl\/blog\/index.php?rest_route=%2Fwp%2Fv2%2Fmedia&parent=2"}],"curies":[{"name":"wp","href":"https:\/\/api.w.org\/{rel}","templated":true}]}}