{"id":195,"date":"2011-10-25T13:21:14","date_gmt":"2011-10-25T11:21:14","guid":{"rendered":"http:\/\/dobresciagi.pl\/blog\/?page_id=195"},"modified":"2014-10-04T14:33:35","modified_gmt":"2014-10-04T13:33:35","slug":"autorzy","status":"publish","type":"page","link":"http:\/\/dobresciagi.pl\/blog\/?page_id=195","title":{"rendered":"Autorzy A-B"},"content":{"rendered":"<h2><strong>Autorzy lektur A:<\/strong><\/h2>\n<ul>\n<li>\n<div><a href=\"..\/..\/autor\/152\/Ajschylos-\/\">\u015aci\u0105gi Ajschylos<\/a><\/div>\n<\/li>\n<li><a href=\"..\/..\/autor\/43\/Alighieri-Dante\/\">\u015aci\u0105gi Alighieri Dante<\/a><\/li>\n<li><a href=\"..\/..\/autor\/76\/Andrzejewski-Jerzy\/\">\u015aci\u0105gi Andrzejewski Jerzy<\/a><\/li>\n<li><a href=\"..\/..\/autor\/148\/Arystoteles-\/\">\u015aci\u0105gi Arystoteles<\/a><\/li>\n<li><a href=\"..\/..\/autor\/10\/Asnyk-Adam\/\">\u015aci\u0105gi Asnyk Adam<\/a><\/li>\n<\/ul>\n<h2>\u00a0<strong><strong><strong><strong>Autorzy lektur B:<\/strong><\/strong><\/strong><\/strong><\/h2>\n<div>\n<ul>\n<li><a href=\"..\/..\/autor\/66\/Baczynski-Krzysztof-Kamil\/\">\u015aci\u0105gi Baczy\u0144ski Kamil<\/a><\/li>\n<\/ul>\n<\/div>\n<ul>\n<li><a href=\"..\/..\/autor\/104\/Balzac-Honor%C3%A9-de\/\">\u015aci\u0105gi Balzac Honore<\/a><\/li>\n<\/ul>\n<ul>\n<li><a href=\"..\/..\/autor\/81\/Baranczak-Stanislaw\/\">Bara\u0144czak Stanis\u0142aw<\/a><\/li>\n<\/ul>\n<ul>\n<li><a href=\"..\/..\/autor\/101\/Baudelaire-Charles\/\">\u015aci\u0105gi Baudelaire Charles<\/a><\/li>\n<\/ul>\n<ul>\n<li><a href=\"..\/..\/autor\/171\/Beckett-Samuel\/\">\u015aci\u0105gi Beckett Samuel<\/a><\/li>\n<\/ul>\n<ul>\n<li><a href=\"..\/..\/autor\/60\/Bialoszewski-Miron\/\">\u015aci\u0105gi Bia\u0142oszewski Miron<\/a><\/li>\n<\/ul>\n<ul>\n<li><a href=\"..\/..\/autor\/45\/Boccaccio-Giovanni-\/\">\u015aci\u0105gi Boccaccio Giovanni<\/a><\/li>\n<\/ul>\n<ul>\n<li><a href=\"..\/..\/autor\/130\/Bohomolec-Franciszek\/\">\u015aci\u0105gi Bohomolec Franciszek<\/a><\/li>\n<\/ul>\n<ul>\n<li><a href=\"..\/..\/autor\/69\/Borowski-Tadeusz\/\">\u015aci\u0105gi Borowski Tadeusz<\/a><\/li>\n<\/ul>\n<ul>\n<li><a href=\"..\/..\/autor\/59\/Broniewski-Wladyslaw\/\">\u015aci\u0105gi Broniewski W\u0142adys\u0142aw<\/a><\/li>\n<\/ul>\n<ul>\n<li><a href=\"..\/..\/autor\/179\/Broniewski-Wladyslaw\/\">\u015aci\u0105gi Broniewski W\u0142adys\u0142aw<\/a><\/li>\n<\/ul>\n<ul>\n<li><a href=\"..\/..\/autor\/75\/Bryll-Ernest\/\">\u015aci\u0105gi Bryll Ernest<\/a><\/li>\n<\/ul>\n<ul>\n<li><a href=\"..\/..\/autor\/78\/Bulhakow-Michail\/\">\u015aci\u0105gi Bu\u0142hakow Michai\u0142<\/a><\/li>\n<li>\n<div><a href=\"..\/..\/autor\/168\/Bursa-Andrzej\/\">\u015aci\u0105gi Bursa Andrzej<\/a><\/div>\n<\/li>\n<li><a href=\"..\/..\/autor\/5\/Byron-George\/\">\u015aci\u0105gi Byron George<\/a><\/li>\n<\/ul>\n","protected":false},"excerpt":{"rendered":"<p>Autorzy lektur A: \u015aci\u0105gi Ajschylos \u015aci\u0105gi Alighieri Dante \u015aci\u0105gi Andrzejewski Jerzy \u015aci\u0105gi Arystoteles \u015aci\u0105gi Asnyk Adam \u00a0Autorzy lektur B: \u015aci\u0105gi Baczy\u0144ski Kamil \u015aci\u0105gi Balzac Honore Bara\u0144czak Stanis\u0142aw \u015aci\u0105gi Baudelaire Charles \u015aci\u0105gi Beckett Samuel \u015aci\u0105gi Bia\u0142oszewski Miron \u015aci\u0105gi Boccaccio Giovanni \u015aci\u0105gi Bohomolec Franciszek \u015aci\u0105gi Borowski Tadeusz \u015aci\u0105gi Broniewski W\u0142adys\u0142aw \u015aci\u0105gi Broniewski W\u0142adys\u0142aw \u015aci\u0105gi Bryll Ernest \u015aci\u0105gi [&hellip;]<\/p>\n","protected":false},"author":1,"featured_media":0,"parent":236,"menu_order":0,"comment_status":"closed","ping_status":"closed","template":"","meta":[],"_links":{"self":[{"href":"http:\/\/dobresciagi.pl\/blog\/index.php?rest_route=\/wp\/v2\/pages\/195"}],"collection":[{"href":"http:\/\/dobresciagi.pl\/blog\/index.php?rest_route=\/wp\/v2\/pages"}],"about":[{"href":"http:\/\/dobresciagi.pl\/blog\/index.php?rest_route=\/wp\/v2\/types\/page"}],"author":[{"embeddable":true,"href":"http:\/\/dobresciagi.pl\/blog\/index.php?rest_route=\/wp\/v2\/users\/1"}],"replies":[{"embeddable":true,"href":"http:\/\/dobresciagi.pl\/blog\/index.php?rest_route=%2Fwp%2Fv2%2Fcomments&post=195"}],"version-history":[{"count":0,"href":"http:\/\/dobresciagi.pl\/blog\/index.php?rest_route=\/wp\/v2\/pages\/195\/revisions"}],"up":[{"embeddable":true,"href":"http:\/\/dobresciagi.pl\/blog\/index.php?rest_route=\/wp\/v2\/pages\/236"}],"wp:attachment":[{"href":"http:\/\/dobresciagi.pl\/blog\/index.php?rest_route=%2Fwp%2Fv2%2Fmedia&parent=195"}],"curies":[{"name":"wp","href":"https:\/\/api.w.org\/{rel}","templated":true}]}}